{"id":6203,"date":"2021-08-11T15:50:19","date_gmt":"2021-08-11T13:50:19","guid":{"rendered":"http:\/\/albatourvoyages.fr\/?page_id=6203"},"modified":"2021-08-21T12:04:06","modified_gmt":"2021-08-21T10:04:06","slug":"equipe","status":"publish","type":"page","link":"http:\/\/albatourvoyages.fr\/index.php\/equipe\/","title":{"rendered":"Equipe"},"content":{"rendered":"[vc_row type=&#8221;in_container&#8221; full_screen_row_position=&#8221;middle&#8221; column_margin=&#8221;default&#8221; equal_height=&#8221;yes&#8221; content_placement=&#8221;middle&#8221; column_direction=&#8221;default&#8221; column_direction_tablet=&#8221;default&#8221; column_direction_phone=&#8221;default&#8221; bg_image=&#8221;6525&#8243; bg_position=&#8221;left top&#8221; bg_repeat=&#8221;no-repeat&#8221; full_height=&#8221;yes&#8221; scene_position=&#8221;center&#8221; top_padding=&#8221;18&#8243; bottom_padding=&#8221;18&#8243; text_color=&#8221;dark&#8221; text_align=&#8221;left&#8221; row_border_radius=&#8221;none&#8221; row_border_radius_applies=&#8221;bg&#8221; overlay_strength=&#8221;0.5&#8243; gradient_direction=&#8221;left_to_right&#8221; enable_shape_divider=&#8221;true&#8221; shape_divider_position=&#8221;bottom&#8221; bg_image_animation=&#8221;none&#8221; shape_type=&#8221;straight_section&#8221;][vc_column column_padding=&#8221;no-extra-padding&#8221; column_padding_tablet=&#8221;inherit&#8221; column_padding_phone=&#8221;inherit&#8221; column_padding_position=&#8221;all&#8221; centered_text=&#8221;true&#8221; background_color_opacity=&#8221;1&#8243; background_hover_color_opacity=&#8221;1&#8243; column_shadow=&#8221;none&#8221; column_border_radius=&#8221;none&#8221; column_link_target=&#8221;_self&#8221; gradient_direction=&#8221;left_to_right&#8221; overlay_strength=&#8221;0.3&#8243; width=&#8221;1\/1&#8243; tablet_width_inherit=&#8221;default&#8221; tablet_text_alignment=&#8221;default&#8221; phone_text_alignment=&#8221;default&#8221; column_border_width=&#8221;none&#8221; column_border_style=&#8221;solid&#8221; bg_image_animation=&#8221;none&#8221;][split_line_heading animation_type=&#8221;default&#8221;][\/split_line_heading][\/vc_column][\/vc_row][vc_row type=&#8221;in_container&#8221; full_screen_row_position=&#8221;middle&#8221; column_margin=&#8221;default&#8221; column_direction=&#8221;default&#8221; column_direction_tablet=&#8221;default&#8221; column_direction_phone=&#8221;default&#8221; scene_position=&#8221;center&#8221; text_color=&#8221;dark&#8221; text_align=&#8221;left&#8221; row_border_radius=&#8221;none&#8221; row_border_radius_applies=&#8221;bg&#8221; overlay_strength=&#8221;0.3&#8243; gradient_direction=&#8221;left_to_right&#8221; shape_divider_position=&#8221;bottom&#8221; bg_image_animation=&#8221;none&#8221;][vc_column column_padding=&#8221;no-extra-padding&#8221; column_padding_tablet=&#8221;inherit&#8221; column_padding_phone=&#8221;inherit&#8221; column_padding_position=&#8221;all&#8221; background_color_opacity=&#8221;1&#8243; background_hover_color_opacity=&#8221;1&#8243; column_shadow=&#8221;none&#8221; column_border_radius=&#8221;none&#8221; column_link_target=&#8221;_self&#8221; gradient_direction=&#8221;left_to_right&#8221; overlay_strength=&#8221;0.3&#8243; width=&#8221;1\/1&#8243; tablet_width_inherit=&#8221;default&#8221; tablet_text_alignment=&#8221;default&#8221; phone_text_alignment=&#8221;default&#8221; column_border_width=&#8221;none&#8221; column_border_style=&#8221;solid&#8221; bg_image_animation=&#8221;none&#8221;][split_line_heading animation_type=&#8221;default&#8221;]\n<h2 style=\"text-align: center;\">L&#8217;Equipe<\/h2>\n<h2 style=\"text-align: center;\">Albatour Voyages<\/h2>\n[\/split_line_heading][\/vc_column][\/vc_row][vc_row type=&#8221;in_container&#8221; full_screen_row_position=&#8221;middle&#8221; column_margin=&#8221;default&#8221; column_direction=&#8221;default&#8221; column_direction_tablet=&#8221;default&#8221; column_direction_phone=&#8221;default&#8221; scene_position=&#8221;center&#8221; text_color=&#8221;dark&#8221; text_align=&#8221;left&#8221; row_border_radius=&#8221;none&#8221; row_border_radius_applies=&#8221;bg&#8221; overlay_strength=&#8221;0.3&#8243; gradient_direction=&#8221;left_to_right&#8221; shape_divider_position=&#8221;bottom&#8221; bg_image_animation=&#8221;none&#8221;][vc_column column_padding=&#8221;no-extra-padding&#8221; column_padding_tablet=&#8221;inherit&#8221; column_padding_phone=&#8221;inherit&#8221; column_padding_position=&#8221;all&#8221; background_color_opacity=&#8221;1&#8243; background_hover_color_opacity=&#8221;1&#8243; column_shadow=&#8221;none&#8221; column_border_radius=&#8221;none&#8221; column_link_target=&#8221;_self&#8221; gradient_direction=&#8221;left_to_right&#8221; overlay_strength=&#8221;0.3&#8243; width=&#8221;1\/1&#8243; tablet_width_inherit=&#8221;default&#8221; tablet_text_alignment=&#8221;default&#8221; phone_text_alignment=&#8221;default&#8221; column_border_width=&#8221;none&#8221; column_border_style=&#8221;solid&#8221; bg_image_animation=&#8221;none&#8221;][vc_column_text]\n<p style=\"text-align: center;\">Les travels planneurs Albatour Voyages connaissent leurs destinations dans les moindres d\u00e9tails.<\/p>\n<p style=\"text-align: center;\">Au nombre de 5, ils sont en charge de plus d&#8217;une centaine de destinations.<\/p>\n<p style=\"text-align: center;\">V\u00e9ritable passionn\u00e9s dans l&#8217;\u00e2me, tous sont \u00e0 m\u00eame, par leur parfaite connaissance du terrain, de vous conseiller, de vous guider et de vous faire d\u00e9couvrir toutes les richesses et particularit\u00e9s du pays qui vous int\u00e9resse.<\/p>\n[\/vc_column_text][\/vc_column][\/vc_row][vc_row type=&#8221;full_width_content&#8221; full_screen_row_position=&#8221;middle&#8221; column_margin=&#8221;default&#8221; column_direction=&#8221;default&#8221; column_direction_tablet=&#8221;default&#8221; column_direction_phone=&#8221;default&#8221; scene_position=&#8221;center&#8221; text_color=&#8221;dark&#8221; text_align=&#8221;left&#8221; row_border_radius=&#8221;none&#8221; row_border_radius_applies=&#8221;bg&#8221; overlay_strength=&#8221;0.3&#8243; gradient_direction=&#8221;left_to_right&#8221; shape_divider_position=&#8221;bottom&#8221; bg_image_animation=&#8221;none&#8221; shape_type=&#8221;&#8221;][vc_column column_padding=&#8221;no-extra-padding&#8221; column_padding_tablet=&#8221;inherit&#8221; column_padding_phone=&#8221;inherit&#8221; column_padding_position=&#8221;all&#8221; background_color_opacity=&#8221;1&#8243; background_hover_color_opacity=&#8221;1&#8243; column_shadow=&#8221;none&#8221; column_border_radius=&#8221;none&#8221; column_link_target=&#8221;_self&#8221; gradient_direction=&#8221;left_to_right&#8221; overlay_strength=&#8221;0.3&#8243; width=&#8221;1\/3&#8243; tablet_width_inherit=&#8221;default&#8221; tablet_text_alignment=&#8221;default&#8221; phone_text_alignment=&#8221;default&#8221; column_border_width=&#8221;none&#8221; column_border_style=&#8221;solid&#8221; bg_image_animation=&#8221;none&#8221;][team_member image_url=&#8221;6297&#8243; bio_image_url=&#8221;6297&#8243; team_memeber_style=&#8221;bio_fullscreen&#8221; image_loading=&#8221;default&#8221; name=&#8221;Lucas&#8221; job_position=&#8221;Responsable d&#8217;Agence &#038; Travel Planner&#8221; team_member_bio=&#8221;Mon go\u00fbt pour les voyages, les rencontres et l\u2019interculturalit\u00e9, m\u2019ont conduit vers le secteur du tourisme, en agence de voyages.<\/p>\n<p>Et quelle belle d\u00e9couverte ! Cela fait maintenant 13 ans que je travaille sur des projets tous plus int\u00e9ressants les uns que les autres.<\/p>\n<p>A mon compteur, une dizaine de destinations telles que Ha\u00efti, la R\u00e9publique Dominicaine, la Laponie, Chypre, Moscou ou encore la R\u00e9union dont je suis un v\u00e9ritable sp\u00e9cialiste.<\/p>\n<p>Je suis \u00e9galement responsable de l\u2019agence de Douai, une autre belle aventure humaine.&#8221;][\/vc_column][vc_column column_padding=&#8221;no-extra-padding&#8221; column_padding_tablet=&#8221;inherit&#8221; column_padding_phone=&#8221;inherit&#8221; column_padding_position=&#8221;all&#8221; background_color_opacity=&#8221;1&#8243; background_hover_color_opacity=&#8221;1&#8243; column_shadow=&#8221;none&#8221; column_border_radius=&#8221;none&#8221; column_link_target=&#8221;_self&#8221; gradient_direction=&#8221;left_to_right&#8221; overlay_strength=&#8221;0.3&#8243; width=&#8221;1\/3&#8243; tablet_width_inherit=&#8221;default&#8221; tablet_text_alignment=&#8221;default&#8221; phone_text_alignment=&#8221;default&#8221; column_border_width=&#8221;none&#8221; column_border_style=&#8221;solid&#8221; bg_image_animation=&#8221;none&#8221;][team_member image_url=&#8221;6295&#8243; bio_image_url=&#8221;6295&#8243; team_memeber_style=&#8221;bio_fullscreen&#8221; image_loading=&#8221;default&#8221; name=&#8221;Cindy&#8221; job_position=&#8221;Travel Planner&#8221; team_member_bio=&#8221;En 10 ans de m\u00e9tier, j\u2019ai d\u00e9j\u00e0 s\u00e9journ\u00e9 dans quelques-unes des plus belles destinations du monde ! Apr\u00e8s un s\u00e9jour en Laponie, je me suis envol\u00e9e pour l\u2019Isra\u00ebl, mais \u00e9galement pour New York, la R\u00e9publique Dominicaine, l\u2019\u00cele Maurice ou encore l\u2019Irlande.<\/p>\n<p>J\u2019ai, durant 4 ans, g\u00e9r\u00e9 des groupes dans plusieurs pays notamment la Pologne, la Tha\u00eflande et le Bassin M\u00e9diterran\u00e9en.<\/p>\n<p>V\u00e9ritable adepte des citytrips, je saurais vous accompagner au mieux lors de la pr\u00e9paration de vos escapades europ\u00e9ennes.&#8221;][\/vc_column][vc_column column_padding=&#8221;no-extra-padding&#8221; column_padding_tablet=&#8221;inherit&#8221; column_padding_phone=&#8221;inherit&#8221; column_padding_position=&#8221;all&#8221; background_color_opacity=&#8221;1&#8243; background_hover_color_opacity=&#8221;1&#8243; column_shadow=&#8221;none&#8221; column_border_radius=&#8221;none&#8221; column_link_target=&#8221;_self&#8221; gradient_direction=&#8221;left_to_right&#8221; overlay_strength=&#8221;0.3&#8243; width=&#8221;1\/3&#8243; tablet_width_inherit=&#8221;default&#8221; tablet_text_alignment=&#8221;default&#8221; phone_text_alignment=&#8221;default&#8221; column_border_width=&#8221;none&#8221; column_border_style=&#8221;solid&#8221; bg_image_animation=&#8221;none&#8221;][team_member image_url=&#8221;7043&#8243; bio_image_url=&#8221;7043&#8243; team_memeber_style=&#8221;bio_fullscreen&#8221; image_loading=&#8221;default&#8221; name=&#8221;Agathe&#8221; job_position=&#8221;Travel Planner &#038; Charg\u00e9e de Communication&#8221; team_member_bio=&#8221;J\u2019ai la chance d\u2019avoir d\u00e9couvert plusieurs pays notamment l\u2019Italie, la Gr\u00e8ce, le Mont\u00e9n\u00e9gro, les Pays-Bas, l\u2019Espagne, le Maroc ou encore la Tunisie.<\/p>\n<p>Les rencontres m\u2019ont conduite vers la Licence Professionnelle M\u00e9tiers du Tourisme que propose l\u2019IUT de Lens. Dans le cadre de cette formation, j\u2019exerce au sein de l\u2019agence de voyages Albatour Havas Voyages de Douai, en qualit\u00e9 de conseill\u00e8re voyages et charg\u00e9e de communication en contrat de professionnalisation. J\u2019accompagne, conseille et organise les voyages de mes clients, avec passion.<\/p>\n<p>Ainsi, j&#8217;ai eu l&#8217;opportunit\u00e9 de mettre en oeuvre le projet marketing et communication de la soci\u00e9t\u00e9. J&#8217;ai eu, entre autres, la possibilit\u00e9 de cr\u00e9er ce site internet.&#8221;][\/vc_column][\/vc_row][vc_row type=&#8221;full_width_content&#8221; full_screen_row_position=&#8221;middle&#8221; column_margin=&#8221;default&#8221; column_direction=&#8221;default&#8221; column_direction_tablet=&#8221;default&#8221; column_direction_phone=&#8221;default&#8221; scene_position=&#8221;center&#8221; text_color=&#8221;dark&#8221; text_align=&#8221;left&#8221; row_border_radius=&#8221;none&#8221; row_border_radius_applies=&#8221;bg&#8221; overlay_strength=&#8221;0.3&#8243; gradient_direction=&#8221;left_to_right&#8221; shape_divider_position=&#8221;bottom&#8221; bg_image_animation=&#8221;none&#8221; shape_type=&#8221;&#8221;][vc_column column_padding=&#8221;no-extra-padding&#8221; column_padding_tablet=&#8221;inherit&#8221; column_padding_phone=&#8221;inherit&#8221; column_padding_position=&#8221;all&#8221; background_color_opacity=&#8221;1&#8243; background_hover_color_opacity=&#8221;1&#8243; column_shadow=&#8221;none&#8221; column_border_radius=&#8221;none&#8221; column_link_target=&#8221;_self&#8221; gradient_direction=&#8221;left_to_right&#8221; overlay_strength=&#8221;0.3&#8243; width=&#8221;1\/3&#8243; tablet_width_inherit=&#8221;default&#8221; tablet_text_alignment=&#8221;default&#8221; phone_text_alignment=&#8221;default&#8221; column_border_width=&#8221;none&#8221; column_border_style=&#8221;solid&#8221; bg_image_animation=&#8221;none&#8221;][team_member image_url=&#8221;6891&#8243; bio_image_url=&#8221;6891&#8243; team_memeber_style=&#8221;bio_fullscreen&#8221; image_loading=&#8221;default&#8221; name=&#8221;Perrine&#8221; job_position=&#8221;Responsable d&#8217;Agence &#038; Travel Planner&#8221; team_member_bio=&#8221;Globe-Trotteuse dans l\u2019\u00e2me, j\u2019ai parcouru les quatre coins du monde. D\u2019abord agent d\u2019escale \u00e0 l\u2019a\u00e9roport de Lille Lesquin puis animatrice dans des clubs en Corse et en Egypte, le grand voyage de ma vie, je connais toutes les facettes du m\u00e9tier.<\/p>\n<p>Que j\u2019y ai travaill\u00e9 ou voyag\u00e9, je connais mes destinations dans les moindre d\u00e9tails. Du combin\u00e9 Miami \/ Bahamas au Nepal, lors d\u2019un s\u00e9jour \u00e0 Katmandou, en passant par le Mexique, Cuba, la Laponie, l\u2019Ile Maurice, Duba\u00ef ou encore la Tha\u00eflande. J\u2019ai d\u00e9couvert pas moins d\u2019une trentaine de destinations.<\/p>\n<p>Forte de plus de 8 ans d\u2019exp\u00e9rience, je me ferais un plaisir de vous faire d\u00e9couvrir toutes les richesses et particularit\u00e9s du pays qui vous int\u00e9resse. Aussi, je suis \u00e9galement responsable de l\u2019agence de Carvin.&#8221;][\/vc_column][vc_column column_padding=&#8221;no-extra-padding&#8221; column_padding_tablet=&#8221;inherit&#8221; column_padding_phone=&#8221;inherit&#8221; column_padding_position=&#8221;all&#8221; background_color_opacity=&#8221;1&#8243; background_hover_color_opacity=&#8221;1&#8243; column_shadow=&#8221;none&#8221; column_border_radius=&#8221;none&#8221; column_link_target=&#8221;_self&#8221; gradient_direction=&#8221;left_to_right&#8221; overlay_strength=&#8221;0.3&#8243; width=&#8221;1\/3&#8243; tablet_width_inherit=&#8221;default&#8221; tablet_text_alignment=&#8221;default&#8221; phone_text_alignment=&#8221;default&#8221; column_border_width=&#8221;none&#8221; column_border_style=&#8221;solid&#8221; bg_image_animation=&#8221;none&#8221;][team_member image_url=&#8221;6294&#8243; bio_image_url=&#8221;6294&#8243; team_memeber_style=&#8221;bio_fullscreen&#8221; image_loading=&#8221;default&#8221; name=&#8221;C\u00e9line&#8221; job_position=&#8221;Travel Planner&#8221; team_member_bio=&#8221;V\u00e9ritable passionn\u00e9e de voyages, cela fait maintenant plus de 8 ans que j\u2019emm\u00e8ne mes clients au bout du monde, r\u00eaver, partager et d\u00e9couvrir d\u2019autres horizons.<\/p>\n<p>Du Canada \u00e0 la Tha\u00eflande, en passant par New York, Cuba, la R\u00e9publique Dominicaine, l\u2019Egypte, Duba\u00ef ou encore Bali, j\u2019ai pos\u00e9 mes valises dans plus d&#8217;une vingtaine de destinations.<\/p>\n<p>Sp\u00e9cialiste de l\u2019\u00eele Maurice, la perle de l\u2019Oc\u00e9an Indien n\u2019a plus aucun secret pour moi.&#8221;][\/vc_column][vc_column column_padding=&#8221;no-extra-padding&#8221; column_padding_tablet=&#8221;inherit&#8221; column_padding_phone=&#8221;inherit&#8221; column_padding_position=&#8221;all&#8221; background_color_opacity=&#8221;1&#8243; background_hover_color_opacity=&#8221;1&#8243; column_shadow=&#8221;none&#8221; column_border_radius=&#8221;none&#8221; column_link_target=&#8221;_self&#8221; gradient_direction=&#8221;left_to_right&#8221; overlay_strength=&#8221;0.3&#8243; width=&#8221;1\/3&#8243; tablet_width_inherit=&#8221;default&#8221; tablet_text_alignment=&#8221;default&#8221; phone_text_alignment=&#8221;default&#8221; column_border_width=&#8221;none&#8221; column_border_style=&#8221;solid&#8221; bg_image_animation=&#8221;none&#8221;][team_member image_url=&#8221;7038&#8243; bio_image_url=&#8221;7038&#8243; team_memeber_style=&#8221;bio_fullscreen&#8221; image_loading=&#8221;default&#8221; name=&#8221;Chlo\u00e9&#8221; job_position=&#8221;Travel Planner &#038; Charg\u00e9e de Communication&#8221; team_member_bio=&#8221;Passionn\u00e9e de voyages, j\u2019ai la chance d\u2019avoir visit\u00e9 plusieurs pays comme l\u2019Espagne, l\u2019Italie, les Pays-Bas, le Royaume-Uni. A cette liste, s\u2019ajouteront prochainement l\u2019Islande et la Gr\u00e8ce.<\/p>\n<p>J\u2019ai int\u00e9gr\u00e9 la Licence Professionnelle M\u00e9tiers du Tourisme, que j\u2019ai r\u00e9cemment obtenue. Mes relations m\u2019ont conduite vers l\u2019agence Albatour Havas Voyages au sein de laquelle j\u2019exerce en qualit\u00e9 de conseill\u00e8re voyages et charg\u00e9e de communication en contrat de professionnalisation.<\/p>\n<p>Ainsi, j&#8217;ai eu l&#8217;opportunit\u00e9 de mettre en oeuvre le projet marketing et communication de la soci\u00e9t\u00e9. J&#8217;ai eu, entre autres, la possibilit\u00e9 de cr\u00e9er ce site internet.&#8221;][\/vc_column][\/vc_row][vc_row type=&#8221;in_container&#8221; full_screen_row_position=&#8221;middle&#8221; column_margin=&#8221;default&#8221; column_direction=&#8221;default&#8221; column_direction_tablet=&#8221;default&#8221; column_direction_phone=&#8221;default&#8221; scene_position=&#8221;center&#8221; text_color=&#8221;dark&#8221; text_align=&#8221;left&#8221; row_border_radius=&#8221;none&#8221; row_border_radius_applies=&#8221;bg&#8221; overlay_strength=&#8221;0.3&#8243; gradient_direction=&#8221;left_to_right&#8221; shape_divider_position=&#8221;bottom&#8221; bg_image_animation=&#8221;none&#8221;][vc_column column_padding=&#8221;no-extra-padding&#8221; column_padding_tablet=&#8221;inherit&#8221; column_padding_phone=&#8221;inherit&#8221; column_padding_position=&#8221;all&#8221; background_color_opacity=&#8221;1&#8243; background_hover_color_opacity=&#8221;1&#8243; column_shadow=&#8221;none&#8221; column_border_radius=&#8221;none&#8221; column_link_target=&#8221;_self&#8221; gradient_direction=&#8221;left_to_right&#8221; overlay_strength=&#8221;0.3&#8243; width=&#8221;1\/1&#8243; tablet_width_inherit=&#8221;default&#8221; tablet_text_alignment=&#8221;default&#8221; phone_text_alignment=&#8221;default&#8221; column_border_width=&#8221;none&#8221; column_border_style=&#8221;solid&#8221; bg_image_animation=&#8221;none&#8221;][vc_column_text]&nbsp;<\/p>\n<p style=\"text-align: center;\"><strong>La bienveillance, au coeur de chacun de nos engagements \u2026<\/strong><\/p>\n<p style=\"text-align: center;\">Albatour Voyages est fid\u00e8le \u00e0 cette \u00e9vidence devenue aujourd\u2019hui principe. \u00ab Mettre le service au client au coeur de l&#8217;entreprise \u00bb.\u00a0C\u2019est pourquoi \u00e0 Douai comme \u00e0 Carvin, chaque conseiller a le souci de vous servir et d&#8217;\u00eatre \u00e0 l&#8217;\u00e9coute de vos besoins.<\/p>\n<p style=\"text-align: center;\">Albatour Voyages vise la perfection dans l&#8217;ad\u00e9quation des solutions aux besoins de ses clients. Vous pouvez compter sur des \u00e9quipes enthousiastes et r\u00e9actives pour lesquelles votre satisfaction est l&#8217;objectif premier.<\/p>\n<p>&nbsp;[\/vc_column_text][\/vc_column][\/vc_row]\n","protected":false},"excerpt":{"rendered":"<p>[vc_row type=&#8221;in_container&#8221; full_screen_row_position=&#8221;middle&#8221; column_margin=&#8221;default&#8221; equal_height=&#8221;yes&#8221; content_placement=&#8221;middle&#8221; column_direction=&#8221;default&#8221; column_direction_tablet=&#8221;default&#8221; column_direction_phone=&#8221;default&#8221; bg_image=&#8221;6525&#8243; bg_position=&#8221;left top&#8221; bg_repeat=&#8221;no-repeat&#8221; full_height=&#8221;yes&#8221; scene_position=&#8221;center&#8221;&#8230;<\/p>\n","protected":false},"author":1,"featured_media":0,"parent":0,"menu_order":0,"comment_status":"closed","ping_status":"closed","template":"","meta":{"om_disable_all_campaigns":false,"_monsterinsights_skip_tracking":false,"_monsterinsights_sitenote_active":false,"_monsterinsights_sitenote_note":"","_monsterinsights_sitenote_category":0},"_links":{"self":[{"href":"http:\/\/albatourvoyages.fr\/index.php\/wp-json\/wp\/v2\/pages\/6203"}],"collection":[{"href":"http:\/\/albatourvoyages.fr\/index.php\/wp-json\/wp\/v2\/pages"}],"about":[{"href":"http:\/\/albatourvoyages.fr\/index.php\/wp-json\/wp\/v2\/types\/page"}],"author":[{"embeddable":true,"href":"http:\/\/albatourvoyages.fr\/index.php\/wp-json\/wp\/v2\/users\/1"}],"replies":[{"embeddable":true,"href":"http:\/\/albatourvoyages.fr\/index.php\/wp-json\/wp\/v2\/comments?post=6203"}],"version-history":[{"count":41,"href":"http:\/\/albatourvoyages.fr\/index.php\/wp-json\/wp\/v2\/pages\/6203\/revisions"}],"predecessor-version":[{"id":7046,"href":"http:\/\/albatourvoyages.fr\/index.php\/wp-json\/wp\/v2\/pages\/6203\/revisions\/7046"}],"wp:attachment":[{"href":"http:\/\/albatourvoyages.fr\/index.php\/wp-json\/wp\/v2\/media?parent=6203"}],"curies":[{"name":"wp","href":"https:\/\/api.w.org\/{rel}","templated":true}]}}