{"id":6230,"date":"2021-08-11T16:55:56","date_gmt":"2021-08-11T14:55:56","guid":{"rendered":"http:\/\/albatourvoyages.fr\/?page_id=6230"},"modified":"2021-08-14T15:55:24","modified_gmt":"2021-08-14T13:55:24","slug":"devis","status":"publish","type":"page","link":"http:\/\/albatourvoyages.fr\/index.php\/devis\/","title":{"rendered":"Devis"},"content":{"rendered":"[vc_row type=&#8221;full_width_content&#8221; full_screen_row_position=&#8221;middle&#8221; column_margin=&#8221;default&#8221; column_direction=&#8221;default&#8221; column_direction_tablet=&#8221;default&#8221; column_direction_phone=&#8221;default&#8221; bg_image=&#8221;6109&#8243; bg_position=&#8221;left top&#8221; bg_repeat=&#8221;no-repeat&#8221; scene_position=&#8221;center&#8221; text_color=&#8221;dark&#8221; text_align=&#8221;left&#8221; row_border_radius=&#8221;none&#8221; row_border_radius_applies=&#8221;bg&#8221; overlay_strength=&#8221;0.3&#8243; gradient_direction=&#8221;left_to_right&#8221; shape_divider_position=&#8221;bottom&#8221; bg_image_animation=&#8221;none&#8221; shape_type=&#8221;&#8221;][vc_column column_padding=&#8221;no-extra-padding&#8221; column_padding_tablet=&#8221;inherit&#8221; column_padding_phone=&#8221;inherit&#8221; column_padding_position=&#8221;all&#8221; background_color_opacity=&#8221;1&#8243; background_hover_color_opacity=&#8221;1&#8243; column_shadow=&#8221;none&#8221; column_border_radius=&#8221;none&#8221; column_link_target=&#8221;_self&#8221; gradient_direction=&#8221;left_to_right&#8221; overlay_strength=&#8221;0.3&#8243; width=&#8221;1\/1&#8243; tablet_width_inherit=&#8221;default&#8221; tablet_text_alignment=&#8221;default&#8221; phone_text_alignment=&#8221;default&#8221; column_border_width=&#8221;none&#8221; column_border_style=&#8221;solid&#8221; bg_image_animation=&#8221;none&#8221;][divider line_type=&#8221;No Line&#8221; custom_height=&#8221;400&#8243;][\/vc_column][\/vc_row][vc_row type=&#8221;full_width_content&#8221; full_screen_row_position=&#8221;middle&#8221; column_margin=&#8221;default&#8221; column_direction=&#8221;default&#8221; column_direction_tablet=&#8221;default&#8221; column_direction_phone=&#8221;default&#8221; bg_color=&#8221;#000000&#8243; scene_position=&#8221;center&#8221; text_color=&#8221;dark&#8221; text_align=&#8221;left&#8221; row_border_radius=&#8221;none&#8221; row_border_radius_applies=&#8221;bg&#8221; overlay_strength=&#8221;0.3&#8243; gradient_direction=&#8221;left_to_right&#8221; shape_divider_position=&#8221;bottom&#8221; bg_image_animation=&#8221;none&#8221; shape_type=&#8221;&#8221;][vc_column column_padding=&#8221;no-extra-padding&#8221; column_padding_tablet=&#8221;inherit&#8221; column_padding_phone=&#8221;inherit&#8221; column_padding_position=&#8221;all&#8221; background_color_opacity=&#8221;1&#8243; background_hover_color_opacity=&#8221;1&#8243; column_shadow=&#8221;none&#8221; column_border_radius=&#8221;none&#8221; column_link_target=&#8221;_self&#8221; gradient_direction=&#8221;left_to_right&#8221; overlay_strength=&#8221;0.3&#8243; width=&#8221;1\/6&#8243; tablet_width_inherit=&#8221;default&#8221; tablet_text_alignment=&#8221;default&#8221; phone_text_alignment=&#8221;default&#8221; column_border_width=&#8221;none&#8221; column_border_style=&#8221;solid&#8221; bg_image_animation=&#8221;none&#8221;][\/vc_column][vc_column column_padding=&#8221;no-extra-padding&#8221; column_padding_tablet=&#8221;inherit&#8221; column_padding_phone=&#8221;inherit&#8221; column_padding_position=&#8221;all&#8221; background_color_opacity=&#8221;1&#8243; background_hover_color_opacity=&#8221;1&#8243; column_shadow=&#8221;none&#8221; column_border_radius=&#8221;none&#8221; column_link_target=&#8221;_self&#8221; gradient_direction=&#8221;left_to_right&#8221; overlay_strength=&#8221;0.3&#8243; width=&#8221;2\/3&#8243; tablet_width_inherit=&#8221;default&#8221; tablet_text_alignment=&#8221;default&#8221; phone_text_alignment=&#8221;default&#8221; column_border_width=&#8221;none&#8221; column_border_style=&#8221;solid&#8221; bg_image_animation=&#8221;none&#8221;][divider line_type=&#8221;No Line&#8221; custom_height=&#8221;20&#8243;][vc_column_text]\n<div class=\"wp-block-group has-white-color has-black-background-color has-text-color has-background\"><div class=\"wp-block-group__inner-container\"><div class=\"wpforms-container wpforms-container-full\" id=\"wpforms-6196\"><form id=\"wpforms-form-6196\" class=\"wpforms-validate wpforms-form\" data-formid=\"6196\" method=\"post\" enctype=\"multipart\/form-data\" action=\"\/index.php\/wp-json\/wp\/v2\/pages\/6230\" data-token=\"2e2e823650af4be35f26517306251773\"><div class=\"wpforms-head-container\"><div class=\"wpforms-description\">D\u00e9crivez votre projet de voyage \u00e0 l'aide du formulaire ci-dessous,\r\nvotre travel planer vous contactera dans les meilleurs d\u00e9lais pour en discuter.<\/div><\/div><noscript class=\"wpforms-error-noscript\">Please enable JavaScript in your browser to complete this form.<\/noscript><div class=\"wpforms-field-container\"><div id=\"wpforms-6196-field_1-container\" class=\"wpforms-field wpforms-field-name\" data-field-id=\"1\"><label class=\"wpforms-field-label\" for=\"wpforms-6196-field_1\">Nom <span class=\"wpforms-required-label\">*<\/span><\/label><div class=\"wpforms-field-row wpforms-field-medium\"><div class=\"wpforms-field-row-block wpforms-first wpforms-one-half\"><input type=\"text\" id=\"wpforms-6196-field_1\" class=\"wpforms-field-name-first wpforms-field-required\" name=\"wpforms[fields][1][first]\" required><label for=\"wpforms-6196-field_1\" class=\"wpforms-field-sublabel after \">First<\/label><\/div><div class=\"wpforms-field-row-block wpforms-one-half\"><input type=\"text\" id=\"wpforms-6196-field_1-last\" class=\"wpforms-field-name-last wpforms-field-required\" name=\"wpforms[fields][1][last]\" required><label for=\"wpforms-6196-field_1-last\" class=\"wpforms-field-sublabel after \">Last<\/label><\/div><\/div><\/div><div id=\"wpforms-6196-field_8-container\" class=\"wpforms-field wpforms-field-email\" data-field-id=\"8\"><label class=\"wpforms-field-label\" for=\"wpforms-6196-field_8\">E-mail <span class=\"wpforms-required-label\">*<\/span><\/label><input type=\"email\" id=\"wpforms-6196-field_8\" class=\"wpforms-field-medium wpforms-field-required\" name=\"wpforms[fields][8]\" required><\/div><div id=\"wpforms-6196-field_2-container\" class=\"wpforms-field wpforms-field-number\" data-field-id=\"2\"><label class=\"wpforms-field-label\" for=\"wpforms-6196-field_2\">Combien d&#039;adulte(s) compose(nt) ce voyage ?<\/label><input type=\"number\" pattern=\"\\d*\" id=\"wpforms-6196-field_2\" class=\"wpforms-field-medium\" name=\"wpforms[fields][2]\" ><\/div><div id=\"wpforms-6196-field_6-container\" class=\"wpforms-field wpforms-field-number\" data-field-id=\"6\"><label class=\"wpforms-field-label\" for=\"wpforms-6196-field_6\">Combien d&#039;enfant(s)* compose(nt) ce voyage ? <\/label><input type=\"number\" pattern=\"\\d*\" id=\"wpforms-6196-field_6\" class=\"wpforms-field-medium\" name=\"wpforms[fields][6]\" ><div class=\"wpforms-field-description\">*Entre 2 et 11 ans <\/div><\/div><div id=\"wpforms-6196-field_21-container\" class=\"wpforms-field wpforms-field-number\" data-field-id=\"21\"><label class=\"wpforms-field-label\" for=\"wpforms-6196-field_21\">Combien de b\u00e9b\u00e9(s)* compose(nt) ce voyage ?<\/label><input type=\"number\" pattern=\"\\d*\" id=\"wpforms-6196-field_21\" class=\"wpforms-field-medium\" name=\"wpforms[fields][21]\" ><div class=\"wpforms-field-description\">*Entre 0 et 2 ans <\/div><\/div><div id=\"wpforms-6196-field_9-container\" class=\"wpforms-field wpforms-field-textarea\" data-field-id=\"9\"><label class=\"wpforms-field-label\" for=\"wpforms-6196-field_9\">Date(s) de naissances du(es) voyageur(s)<\/label><textarea id=\"wpforms-6196-field_9\" class=\"wpforms-field-medium\" name=\"wpforms[fields][9]\" ><\/textarea><\/div><div id=\"wpforms-6196-field_3-container\" class=\"wpforms-field wpforms-field-text\" data-field-id=\"3\"><label class=\"wpforms-field-label\" for=\"wpforms-6196-field_3\">Ou voulez vous partir ?<\/label><input type=\"text\" id=\"wpforms-6196-field_3\" class=\"wpforms-field-medium\" name=\"wpforms[fields][3]\" ><\/div><div id=\"wpforms-6196-field_11-container\" class=\"wpforms-field wpforms-field-text\" data-field-id=\"11\"><label class=\"wpforms-field-label\" for=\"wpforms-6196-field_11\">Date de d\u00e9part :<\/label><input type=\"text\" id=\"wpforms-6196-field_11\" class=\"wpforms-field-medium\" name=\"wpforms[fields][11]\" ><\/div><div id=\"wpforms-6196-field_10-container\" class=\"wpforms-field wpforms-field-checkbox\" data-field-id=\"10\"><label class=\"wpforms-field-label\" for=\"wpforms-6196-field_10\">Ville de d\u00e9part <\/label><ul id=\"wpforms-6196-field_10\"><li class=\"choice-1 depth-1\"><input type=\"checkbox\" id=\"wpforms-6196-field_10_1\" name=\"wpforms[fields][10][]\" value=\"Sans transport\"  ><label class=\"wpforms-field-label-inline\" for=\"wpforms-6196-field_10_1\">Sans transport<\/label><\/li><li class=\"choice-2 depth-1\"><input type=\"checkbox\" id=\"wpforms-6196-field_10_2\" name=\"wpforms[fields][10][]\" value=\"Lille\"  ><label class=\"wpforms-field-label-inline\" for=\"wpforms-6196-field_10_2\">Lille<\/label><\/li><li class=\"choice-3 depth-1\"><input type=\"checkbox\" id=\"wpforms-6196-field_10_3\" name=\"wpforms[fields][10][]\" value=\"Paris Charles De Gaulle\"  ><label class=\"wpforms-field-label-inline\" for=\"wpforms-6196-field_10_3\">Paris Charles De Gaulle<\/label><\/li><li class=\"choice-4 depth-1\"><input type=\"checkbox\" id=\"wpforms-6196-field_10_4\" name=\"wpforms[fields][10][]\" value=\"Paris Orly\"  ><label class=\"wpforms-field-label-inline\" for=\"wpforms-6196-field_10_4\">Paris Orly<\/label><\/li><li class=\"choice-5 depth-1\"><input type=\"checkbox\" id=\"wpforms-6196-field_10_5\" name=\"wpforms[fields][10][]\" value=\"Bruxelles\"  ><label class=\"wpforms-field-label-inline\" for=\"wpforms-6196-field_10_5\">Bruxelles<\/label><\/li><li class=\"choice-8 depth-1\"><input type=\"checkbox\" id=\"wpforms-6196-field_10_8\" name=\"wpforms[fields][10][]\" value=\"Autres (Veilliez l&#039;indiquer dans les commentaires \u00e0 la fin du formulaire) \"  ><label class=\"wpforms-field-label-inline\" for=\"wpforms-6196-field_10_8\">Autres (Veilliez l'indiquer dans les commentaires \u00e0 la fin du formulaire) <\/label><\/li><\/ul><\/div><div id=\"wpforms-6196-field_4-container\" class=\"wpforms-field wpforms-field-text\" data-field-id=\"4\"><label class=\"wpforms-field-label\" for=\"wpforms-6196-field_4\">Pour combien de temps ?<\/label><input type=\"text\" id=\"wpforms-6196-field_4\" class=\"wpforms-field-medium\" name=\"wpforms[fields][4]\" ><\/div><div id=\"wpforms-6196-field_5-container\" class=\"wpforms-field wpforms-field-select wpforms-field-select-style-classic\" data-field-id=\"5\"><label class=\"wpforms-field-label\" for=\"wpforms-6196-field_5\">Quel type de pension voulez-vous ?<\/label><select id=\"wpforms-6196-field_5\" class=\"wpforms-field-medium\" name=\"wpforms[fields][5]\"><option value=\"Pas de pension\" >Pas de pension<\/option><option value=\"Petit-D\u00e9jeuner\" >Petit-D\u00e9jeuner<\/option><option value=\"Demi-Pension\" >Demi-Pension<\/option><option value=\"Pension compl\u00e8te\" >Pension compl\u00e8te<\/option><option value=\"All inclusive\" >All inclusive<\/option><\/select><\/div><div id=\"wpforms-6196-field_16-container\" class=\"wpforms-field wpforms-field-select wpforms-field-select-style-classic\" data-field-id=\"16\"><label class=\"wpforms-field-label\" for=\"wpforms-6196-field_16\">Quelle gamme d&#039;h\u00f4tel pr\u00e9f\u00e9rez-vous ?<\/label><select id=\"wpforms-6196-field_16\" class=\"wpforms-field-medium\" name=\"wpforms[fields][16]\"><option value=\"3*\" >3*<\/option><option value=\"4*\" >4*<\/option><option value=\"5*\" >5*<\/option><\/select><\/div><div id=\"wpforms-6196-field_12-container\" class=\"wpforms-field wpforms-field-checkbox\" data-field-id=\"12\"><label class=\"wpforms-field-label\" for=\"wpforms-6196-field_12\">Quelles sont vos pr\u00e9f\u00e9rences ?<\/label><ul id=\"wpforms-6196-field_12\"><li class=\"choice-1 depth-1\"><input type=\"checkbox\" id=\"wpforms-6196-field_12_1\" name=\"wpforms[fields][12][]\" value=\"Club\"  ><label class=\"wpforms-field-label-inline\" for=\"wpforms-6196-field_12_1\">Club<\/label><\/li><li class=\"choice-2 depth-1\"><input type=\"checkbox\" id=\"wpforms-6196-field_12_2\" name=\"wpforms[fields][12][]\" value=\"Sur-mesure\"  ><label class=\"wpforms-field-label-inline\" for=\"wpforms-6196-field_12_2\">Sur-mesure<\/label><\/li><li class=\"choice-3 depth-1\"><input type=\"checkbox\" id=\"wpforms-6196-field_12_3\" name=\"wpforms[fields][12][]\" value=\"Farniente\"  ><label class=\"wpforms-field-label-inline\" for=\"wpforms-6196-field_12_3\">Farniente<\/label><\/li><li class=\"choice-4 depth-1\"><input type=\"checkbox\" id=\"wpforms-6196-field_12_4\" name=\"wpforms[fields][12][]\" value=\"Nature\"  ><label class=\"wpforms-field-label-inline\" for=\"wpforms-6196-field_12_4\">Nature<\/label><\/li><li class=\"choice-5 depth-1\"><input type=\"checkbox\" id=\"wpforms-6196-field_12_5\" name=\"wpforms[fields][12][]\" value=\"Circuit\"  ><label class=\"wpforms-field-label-inline\" for=\"wpforms-6196-field_12_5\">Circuit<\/label><\/li><li class=\"choice-6 depth-1\"><input type=\"checkbox\" id=\"wpforms-6196-field_12_6\" name=\"wpforms[fields][12][]\" value=\"Sport\"  ><label class=\"wpforms-field-label-inline\" for=\"wpforms-6196-field_12_6\">Sport<\/label><\/li><li class=\"choice-7 depth-1\"><input type=\"checkbox\" id=\"wpforms-6196-field_12_7\" name=\"wpforms[fields][12][]\" value=\"Excursion\"  ><label class=\"wpforms-field-label-inline\" for=\"wpforms-6196-field_12_7\">Excursion<\/label><\/li><li class=\"choice-8 depth-1\"><input type=\"checkbox\" id=\"wpforms-6196-field_12_8\" name=\"wpforms[fields][12][]\" value=\"Croisi\u00e8res\"  ><label class=\"wpforms-field-label-inline\" for=\"wpforms-6196-field_12_8\">Croisi\u00e8res<\/label><\/li><li class=\"choice-9 depth-1\"><input type=\"checkbox\" id=\"wpforms-6196-field_12_9\" name=\"wpforms[fields][12][]\" value=\"Bien-\u00eatre\"  ><label class=\"wpforms-field-label-inline\" for=\"wpforms-6196-field_12_9\">Bien-\u00eatre<\/label><\/li><li class=\"choice-10 depth-1\"><input type=\"checkbox\" id=\"wpforms-6196-field_12_10\" name=\"wpforms[fields][12][]\" value=\"Culture\"  ><label class=\"wpforms-field-label-inline\" for=\"wpforms-6196-field_12_10\">Culture<\/label><\/li><li class=\"choice-11 depth-1\"><input type=\"checkbox\" id=\"wpforms-6196-field_12_11\" name=\"wpforms[fields][12][]\" value=\"Autres (Veuillez l&#039;indiquer dans les commentaires \u00e0 la fin du formulaire)\"  ><label class=\"wpforms-field-label-inline\" for=\"wpforms-6196-field_12_11\">Autres (Veuillez l'indiquer dans les commentaires \u00e0 la fin du formulaire)<\/label><\/li><\/ul><\/div><div id=\"wpforms-6196-field_13-container\" class=\"wpforms-field wpforms-field-textarea\" data-field-id=\"13\"><label class=\"wpforms-field-label\" for=\"wpforms-6196-field_13\">Quel voyageur \u00eates-vous ?<\/label><textarea id=\"wpforms-6196-field_13\" class=\"wpforms-field-medium\" name=\"wpforms[fields][13]\" ><\/textarea><div class=\"wpforms-field-description\">Ou avez-vous voyag\u00e9 ? Qu'avez-vous particuli\u00e8rement aim\u00e9 ? Qu'est ce qui s'est bien pass\u00e9 ou mal pass\u00e9 ? <\/div><\/div><div id=\"wpforms-6196-field_15-container\" class=\"wpforms-field wpforms-field-checkbox\" data-field-id=\"15\"><label class=\"wpforms-field-label\" for=\"wpforms-6196-field_15\">Services indispensables \u00e0 destination<\/label><ul id=\"wpforms-6196-field_15\"><li class=\"choice-1 depth-1\"><input type=\"checkbox\" id=\"wpforms-6196-field_15_1\" name=\"wpforms[fields][15][]\" value=\"Plage \u00e0 proximit\u00e9\"  ><label class=\"wpforms-field-label-inline\" for=\"wpforms-6196-field_15_1\">Plage \u00e0 proximit\u00e9<\/label><\/li><li class=\"choice-2 depth-1\"><input type=\"checkbox\" id=\"wpforms-6196-field_15_2\" name=\"wpforms[fields][15][]\" value=\"Villes anim\u00e9es \u00e0 proximit\u00e9\"  ><label class=\"wpforms-field-label-inline\" for=\"wpforms-6196-field_15_2\">Villes anim\u00e9es \u00e0 proximit\u00e9<\/label><\/li><li class=\"choice-3 depth-1\"><input type=\"checkbox\" id=\"wpforms-6196-field_15_3\" name=\"wpforms[fields][15][]\" value=\"Terrains ou salle de sport\"  ><label class=\"wpforms-field-label-inline\" for=\"wpforms-6196-field_15_3\">Terrains ou salle de sport<\/label><\/li><li class=\"choice-4 depth-1\"><input type=\"checkbox\" id=\"wpforms-6196-field_15_4\" name=\"wpforms[fields][15][]\" value=\"Spa\"  ><label class=\"wpforms-field-label-inline\" for=\"wpforms-6196-field_15_4\">Spa<\/label><\/li><li class=\"choice-5 depth-1\"><input type=\"checkbox\" id=\"wpforms-6196-field_15_5\" name=\"wpforms[fields][15][]\" value=\"Location de voiture\"  ><label class=\"wpforms-field-label-inline\" for=\"wpforms-6196-field_15_5\">Location de voiture<\/label><\/li><li class=\"choice-6 depth-1\"><input type=\"checkbox\" id=\"wpforms-6196-field_15_6\" name=\"wpforms[fields][15][]\" value=\"Excursion\"  ><label class=\"wpforms-field-label-inline\" for=\"wpforms-6196-field_15_6\">Excursion<\/label><\/li><li class=\"choice-7 depth-1\"><input type=\"checkbox\" id=\"wpforms-6196-field_15_7\" name=\"wpforms[fields][15][]\" value=\"Animation francophone\"  ><label class=\"wpforms-field-label-inline\" for=\"wpforms-6196-field_15_7\">Animation francophone<\/label><\/li><li class=\"choice-8 depth-1\"><input type=\"checkbox\" id=\"wpforms-6196-field_15_8\" name=\"wpforms[fields][15][]\" value=\"Club enfant\"  ><label class=\"wpforms-field-label-inline\" for=\"wpforms-6196-field_15_8\">Club enfant<\/label><\/li><li class=\"choice-9 depth-1\"><input type=\"checkbox\" id=\"wpforms-6196-field_15_9\" name=\"wpforms[fields][15][]\" value=\"Aqua Park\"  ><label class=\"wpforms-field-label-inline\" for=\"wpforms-6196-field_15_9\">Aqua Park<\/label><\/li><li class=\"choice-10 depth-1\"><input type=\"checkbox\" id=\"wpforms-6196-field_15_10\" name=\"wpforms[fields][15][]\" value=\"Chambre vue mer\"  ><label class=\"wpforms-field-label-inline\" for=\"wpforms-6196-field_15_10\">Chambre vue mer<\/label><\/li><li class=\"choice-11 depth-1\"><input type=\"checkbox\" id=\"wpforms-6196-field_15_11\" name=\"wpforms[fields][15][]\" value=\"Autres (Veuillez l&#039;indiquez dans les commentaires \u00e0 la fin du formulaire)\"  ><label class=\"wpforms-field-label-inline\" for=\"wpforms-6196-field_15_11\">Autres (Veuillez l'indiquez dans les commentaires \u00e0 la fin du formulaire)<\/label><\/li><\/ul><\/div><div id=\"wpforms-6196-field_14-container\" class=\"wpforms-field wpforms-field-radio\" data-field-id=\"14\"><label class=\"wpforms-field-label\" for=\"wpforms-6196-field_14\">Etes-vous vaccin\u00e9* ?<\/label><ul id=\"wpforms-6196-field_14\"><li class=\"choice-1 depth-1\"><input type=\"radio\" id=\"wpforms-6196-field_14_1\" name=\"wpforms[fields][14]\" value=\"Oui\"  ><label class=\"wpforms-field-label-inline\" for=\"wpforms-6196-field_14_1\">Oui<\/label><\/li><li class=\"choice-2 depth-1\"><input type=\"radio\" id=\"wpforms-6196-field_14_2\" name=\"wpforms[fields][14]\" value=\"Non\"  ><label class=\"wpforms-field-label-inline\" for=\"wpforms-6196-field_14_2\">Non<\/label><\/li><\/ul><div class=\"wpforms-field-description\">*Deux doses comprises<\/div><\/div><div id=\"wpforms-6196-field_18-container\" class=\"wpforms-field wpforms-field-text\" data-field-id=\"18\"><label class=\"wpforms-field-label\" for=\"wpforms-6196-field_18\">Budget envisag\u00e9<\/label><input type=\"text\" id=\"wpforms-6196-field_18\" class=\"wpforms-field-medium\" name=\"wpforms[fields][18]\" ><\/div><div id=\"wpforms-6196-field_19-container\" class=\"wpforms-field wpforms-field-textarea\" data-field-id=\"19\"><label class=\"wpforms-field-label\" for=\"wpforms-6196-field_19\">Commentaires <\/label><textarea id=\"wpforms-6196-field_19\" class=\"wpforms-field-medium\" name=\"wpforms[fields][19]\" ><\/textarea><\/div><\/div><div class=\"wpforms-submit-container\" ><input type=\"hidden\" name=\"wpforms[id]\" value=\"6196\"><input type=\"hidden\" name=\"wpforms[author]\" value=\"1\"><button type=\"submit\" name=\"wpforms[submit]\" class=\"wpforms-submit \" id=\"wpforms-submit-6196\" value=\"wpforms-submit\" aria-live=\"assertive\" data-alt-text=\"Envoi...\" data-submit-text=\"Envoyer\">Envoyer<\/button><\/div><\/form><\/div>  <!-- .wpforms-container --><\/div><\/div>\n[\/vc_column_text][\/vc_column][vc_column column_padding=&#8221;no-extra-padding&#8221; column_padding_tablet=&#8221;inherit&#8221; column_padding_phone=&#8221;inherit&#8221; column_padding_position=&#8221;all&#8221; background_color_opacity=&#8221;1&#8243; background_hover_color_opacity=&#8221;1&#8243; column_shadow=&#8221;none&#8221; column_border_radius=&#8221;none&#8221; column_link_target=&#8221;_self&#8221; gradient_direction=&#8221;left_to_right&#8221; overlay_strength=&#8221;0.3&#8243; width=&#8221;1\/6&#8243; tablet_width_inherit=&#8221;default&#8221; tablet_text_alignment=&#8221;default&#8221; phone_text_alignment=&#8221;default&#8221; column_border_width=&#8221;none&#8221; column_border_style=&#8221;solid&#8221; bg_image_animation=&#8221;none&#8221;][\/vc_column][\/vc_row]\n","protected":false},"excerpt":{"rendered":"<p>[vc_row type=&#8221;full_width_content&#8221; full_screen_row_position=&#8221;middle&#8221; column_margin=&#8221;default&#8221; column_direction=&#8221;default&#8221; column_direction_tablet=&#8221;default&#8221; column_direction_phone=&#8221;default&#8221; bg_image=&#8221;6109&#8243; bg_position=&#8221;left top&#8221; bg_repeat=&#8221;no-repeat&#8221; scene_position=&#8221;center&#8221; text_color=&#8221;dark&#8221; text_align=&#8221;left&#8221; row_border_radius=&#8221;none&#8221;&#8230;<\/p>\n","protected":false},"author":1,"featured_media":0,"parent":0,"menu_order":0,"comment_status":"closed","ping_status":"closed","template":"","meta":{"om_disable_all_campaigns":false,"_monsterinsights_skip_tracking":false,"_monsterinsights_sitenote_active":false,"_monsterinsights_sitenote_note":"","_monsterinsights_sitenote_category":0},"_links":{"self":[{"href":"http:\/\/albatourvoyages.fr\/index.php\/wp-json\/wp\/v2\/pages\/6230"}],"collection":[{"href":"http:\/\/albatourvoyages.fr\/index.php\/wp-json\/wp\/v2\/pages"}],"about":[{"href":"http:\/\/albatourvoyages.fr\/index.php\/wp-json\/wp\/v2\/types\/page"}],"author":[{"embeddable":true,"href":"http:\/\/albatourvoyages.fr\/index.php\/wp-json\/wp\/v2\/users\/1"}],"replies":[{"embeddable":true,"href":"http:\/\/albatourvoyages.fr\/index.php\/wp-json\/wp\/v2\/comments?post=6230"}],"version-history":[{"count":25,"href":"http:\/\/albatourvoyages.fr\/index.php\/wp-json\/wp\/v2\/pages\/6230\/revisions"}],"predecessor-version":[{"id":6530,"href":"http:\/\/albatourvoyages.fr\/index.php\/wp-json\/wp\/v2\/pages\/6230\/revisions\/6530"}],"wp:attachment":[{"href":"http:\/\/albatourvoyages.fr\/index.php\/wp-json\/wp\/v2\/media?parent=6230"}],"curies":[{"name":"wp","href":"https:\/\/api.w.org\/{rel}","templated":true}]}}