{"id":6407,"date":"2021-08-13T09:38:47","date_gmt":"2021-08-13T07:38:47","guid":{"rendered":"http:\/\/albatourvoyages.fr\/?page_id=6407"},"modified":"2021-08-17T14:00:39","modified_gmt":"2021-08-17T12:00:39","slug":"mentions-legales","status":"publish","type":"page","link":"http:\/\/albatourvoyages.fr\/index.php\/mentions-legales\/","title":{"rendered":"Mentions L\u00e9gales"},"content":{"rendered":"[vc_row type=&#8221;full_width_content&#8221; full_screen_row_position=&#8221;middle&#8221; column_margin=&#8221;default&#8221; column_direction=&#8221;default&#8221; column_direction_tablet=&#8221;default&#8221; column_direction_phone=&#8221;default&#8221; bg_image=&#8221;6512&#8243; bg_position=&#8221;left top&#8221; bg_repeat=&#8221;no-repeat&#8221; scene_position=&#8221;center&#8221; text_color=&#8221;dark&#8221; text_align=&#8221;left&#8221; row_border_radius=&#8221;none&#8221; row_border_radius_applies=&#8221;bg&#8221; color_overlay=&#8221;#000000&#8243; color_overlay_2=&#8221;#000000&#8243; overlay_strength=&#8221;0.3&#8243; gradient_direction=&#8221;left_to_right&#8221; enable_shape_divider=&#8221;true&#8221; shape_divider_position=&#8221;bottom&#8221; bg_image_animation=&#8221;none&#8221; shape_type=&#8221;curve_opacity&#8221;][vc_column column_padding=&#8221;no-extra-padding&#8221; column_padding_tablet=&#8221;inherit&#8221; column_padding_phone=&#8221;inherit&#8221; column_padding_position=&#8221;all&#8221; background_color_opacity=&#8221;1&#8243; background_hover_color_opacity=&#8221;1&#8243; column_shadow=&#8221;none&#8221; column_border_radius=&#8221;none&#8221; column_link_target=&#8221;_self&#8221; gradient_direction=&#8221;left_to_right&#8221; overlay_strength=&#8221;0.3&#8243; width=&#8221;1\/1&#8243; tablet_width_inherit=&#8221;default&#8221; tablet_text_alignment=&#8221;default&#8221; phone_text_alignment=&#8221;default&#8221; column_border_width=&#8221;none&#8221; column_border_style=&#8221;solid&#8221; bg_image_animation=&#8221;none&#8221;][divider line_type=&#8221;No Line&#8221; custom_height=&#8221;100&#8243;][vc_custom_heading text=&#8221;Mentions l\u00e9gales&#8221; font_container=&#8221;tag:h2|text_align:center|color:%23ffffff&#8221; google_fonts=&#8221;font_family:Rosario%3Aregular%2Citalic%2C700%2C700italic|font_style:400%20regular%3A400%3Anormal&#8221; css_animation=&#8221;appear&#8221;][divider line_type=&#8221;No Line&#8221; custom_height=&#8221;100&#8243;][\/vc_column][\/vc_row][vc_row type=&#8221;in_container&#8221; full_screen_row_position=&#8221;middle&#8221; column_margin=&#8221;default&#8221; column_direction=&#8221;default&#8221; column_direction_tablet=&#8221;default&#8221; column_direction_phone=&#8221;default&#8221; scene_position=&#8221;center&#8221; text_color=&#8221;dark&#8221; text_align=&#8221;left&#8221; row_border_radius=&#8221;none&#8221; row_border_radius_applies=&#8221;bg&#8221; overlay_strength=&#8221;0.3&#8243; gradient_direction=&#8221;left_to_right&#8221; shape_divider_position=&#8221;bottom&#8221; bg_image_animation=&#8221;none&#8221;][vc_column column_padding=&#8221;no-extra-padding&#8221; column_padding_tablet=&#8221;inherit&#8221; column_padding_phone=&#8221;inherit&#8221; column_padding_position=&#8221;all&#8221; background_color_opacity=&#8221;1&#8243; background_hover_color_opacity=&#8221;1&#8243; column_shadow=&#8221;none&#8221; column_border_radius=&#8221;none&#8221; column_link_target=&#8221;_self&#8221; gradient_direction=&#8221;left_to_right&#8221; overlay_strength=&#8221;0.3&#8243; width=&#8221;1\/1&#8243; tablet_width_inherit=&#8221;default&#8221; tablet_text_alignment=&#8221;default&#8221; phone_text_alignment=&#8221;default&#8221; column_border_width=&#8221;none&#8221; column_border_style=&#8221;solid&#8221; bg_image_animation=&#8221;none&#8221;][divider line_type=&#8221;No Line&#8221; custom_height=&#8221;50&#8243;][vc_column_text]<strong>Vous \u00eates sur le site web de Albatour Voyages<\/strong><\/p>\n<p align=\"left\">Conception et r\u00e9alisation : Agathe DUPUIS &amp; Chlo\u00e9 CAILLIEZ<\/p>\n<p align=\"left\">H\u00e9bergement du site : Sur le web<\/p>\n<p align=\"left\">Photos &amp; Vid\u00e9os : \u00a9 provenant du site internet &#8220;Unsplash&#8221; (photos libres de droit), photos et vid\u00e9os de l&#8217;entreprise<\/p>\n<p align=\"left\"><strong>DROITS DE PROPRI\u00c9T\u00c9 INTELLECTUELLE DU SITE :<\/strong><\/p>\n<p align=\"left\">La structure g\u00e9n\u00e9rale, ainsi que les textes, photos, images et sons composant ce site sont la propri\u00e9t\u00e9 de leur cr\u00e9ateur. Toute reproduction, totale ou partielle, de ce site ou d\u2019un ou de plusieurs de ses composants, par quelque proc\u00e9d\u00e9 que ce soit, sans autorisation expresse de son cr\u00e9ateur, est interdite, et constituerait une contrefa\u00e7on sanctionn\u00e9e par les articles L.335-2 et suivants du Code de la propri\u00e9t\u00e9 intellectuelle.<\/p>\n<p align=\"left\">Les informations, pictogrammes, photographies, images, textes, s\u00e9quences vid\u00e9o, anim\u00e9es sonores ou non, et autres documents accessibles sur le pr\u00e9sent site Internet sont objets de droits de propri\u00e9t\u00e9 industrielle et\/ou intellectuelle et sont selon les cas, propri\u00e9t\u00e9 du cr\u00e9ateur ou de tiers ayant autoris\u00e9 limitativement le cr\u00e9ateur, \u00e0 les utiliser. \u00c0 ce titre, toute reproduction, repr\u00e9sentation, adaptation, traduction et\/ou transformation, partielle ou int\u00e9grale, ou transfert sur un autre site sont interdits. La copie \u00e0 usage priv\u00e9 de ces diff\u00e9rents objets de droits est autoris\u00e9e. Leur reproduction partielle ou int\u00e9grale, sans l\u2019accord pr\u00e9alable et \u00e9crit du cr\u00e9ateur, est strictement interdite.<\/p>\n<p align=\"left\">Les liens hypertextes externes mis en place dans le cadre du pr\u00e9sent site et les contenus des sites de tiers vers lesquels ils pointent ne sauraient engager la responsabilit\u00e9 de la SAS La Closerie.<\/p>\n<p align=\"left\">Les utilisateurs du pr\u00e9sent site sont tenus de respecter la l\u00e9galit\u00e9 et, en particulier, les dispositions de la loi \u00ab\u00a0Informatique et libert\u00e9s\u00a0\u00bb, dont la violation est sanctionn\u00e9e p\u00e9nalement.<\/p>\n<p align=\"left\">En outre, ils doivent s\u2019abstenir, s\u2019agissant des informations auxquelles ils acc\u00e8dent, de toute collecte, captation, d\u00e9formation ou utilisation et, d\u2019une mani\u00e8re g\u00e9n\u00e9rale, de tout acte susceptible de porter atteinte \u00e0 la vie priv\u00e9e ou \u00e0 la r\u00e9putation des personnes.<\/p>\n<p align=\"left\"><strong>DONN\u00c9ES PERSONNELLES :<\/strong><\/p>\n<p align=\"left\">Selon la loi du 6 janvier 1978 relative \u00e0 l\u2019informatique, aux fichiers et aux libert\u00e9s et \u00e0 l\u2019article 43 de la loi du 30 septembre 1986 modifi\u00e9e, ce site Web a fait l\u2019objet d\u2019une d\u00e9claration aupr\u00e8s de la Commission Nationale de l\u2019Informatique et des Libert\u00e9s (CNIL).<\/p>\n<p align=\"left\">En vertu des dispositions de la loi du 6 janvier 1978 pr\u00e9cit\u00e9e, les utilisateurs sont inform\u00e9s qu\u2019ils disposent d\u2019un droit d\u2019acc\u00e8s aux informations nominatives les concernant et d\u2019un droit de rectification. Ces droits peuvent \u00eatre exerc\u00e9s sur simple demande \u00e9crite aupr\u00e8s de :<\/p>\n[\/vc_column_text][\/vc_column][\/vc_row][vc_row type=&#8221;in_container&#8221; full_screen_row_position=&#8221;middle&#8221; column_margin=&#8221;default&#8221; column_direction=&#8221;default&#8221; column_direction_tablet=&#8221;default&#8221; column_direction_phone=&#8221;default&#8221; scene_position=&#8221;center&#8221; text_color=&#8221;dark&#8221; text_align=&#8221;left&#8221; row_border_radius=&#8221;none&#8221; row_border_radius_applies=&#8221;bg&#8221; overlay_strength=&#8221;0.3&#8243; gradient_direction=&#8221;left_to_right&#8221; shape_divider_position=&#8221;bottom&#8221; bg_image_animation=&#8221;none&#8221;][vc_column column_padding=&#8221;no-extra-padding&#8221; column_padding_tablet=&#8221;inherit&#8221; column_padding_phone=&#8221;inherit&#8221; column_padding_position=&#8221;all&#8221; background_color_opacity=&#8221;1&#8243; background_hover_color_opacity=&#8221;1&#8243; column_shadow=&#8221;none&#8221; column_border_radius=&#8221;none&#8221; column_link_target=&#8221;_self&#8221; gradient_direction=&#8221;left_to_right&#8221; overlay_strength=&#8221;0.3&#8243; width=&#8221;1\/1&#8243; tablet_width_inherit=&#8221;default&#8221; tablet_text_alignment=&#8221;default&#8221; phone_text_alignment=&#8221;default&#8221; column_border_width=&#8221;none&#8221; column_border_style=&#8221;solid&#8221; bg_image_animation=&#8221;none&#8221;][\/vc_column][\/vc_row]\n","protected":false},"excerpt":{"rendered":"<p>[vc_row type=&#8221;full_width_content&#8221; full_screen_row_position=&#8221;middle&#8221; column_margin=&#8221;default&#8221; column_direction=&#8221;default&#8221; column_direction_tablet=&#8221;default&#8221; column_direction_phone=&#8221;default&#8221; bg_image=&#8221;6512&#8243; bg_position=&#8221;left top&#8221; bg_repeat=&#8221;no-repeat&#8221; scene_position=&#8221;center&#8221; text_color=&#8221;dark&#8221; text_align=&#8221;left&#8221; row_border_radius=&#8221;none&#8221;&#8230;<\/p>\n","protected":false},"author":1,"featured_media":0,"parent":0,"menu_order":0,"comment_status":"closed","ping_status":"closed","template":"","meta":{"om_disable_all_campaigns":false,"_monsterinsights_skip_tracking":false,"_monsterinsights_sitenote_active":false,"_monsterinsights_sitenote_note":"","_monsterinsights_sitenote_category":0},"_links":{"self":[{"href":"http:\/\/albatourvoyages.fr\/index.php\/wp-json\/wp\/v2\/pages\/6407"}],"collection":[{"href":"http:\/\/albatourvoyages.fr\/index.php\/wp-json\/wp\/v2\/pages"}],"about":[{"href":"http:\/\/albatourvoyages.fr\/index.php\/wp-json\/wp\/v2\/types\/page"}],"author":[{"embeddable":true,"href":"http:\/\/albatourvoyages.fr\/index.php\/wp-json\/wp\/v2\/users\/1"}],"replies":[{"embeddable":true,"href":"http:\/\/albatourvoyages.fr\/index.php\/wp-json\/wp\/v2\/comments?post=6407"}],"version-history":[{"count":9,"href":"http:\/\/albatourvoyages.fr\/index.php\/wp-json\/wp\/v2\/pages\/6407\/revisions"}],"predecessor-version":[{"id":6609,"href":"http:\/\/albatourvoyages.fr\/index.php\/wp-json\/wp\/v2\/pages\/6407\/revisions\/6609"}],"wp:attachment":[{"href":"http:\/\/albatourvoyages.fr\/index.php\/wp-json\/wp\/v2\/media?parent=6407"}],"curies":[{"name":"wp","href":"https:\/\/api.w.org\/{rel}","templated":true}]}}