{"id":6458,"date":"2021-08-13T16:39:25","date_gmt":"2021-08-13T14:39:25","guid":{"rendered":"http:\/\/albatourvoyages.fr\/?page_id=6458"},"modified":"2021-08-21T11:28:30","modified_gmt":"2021-08-21T09:28:30","slug":"afrique","status":"publish","type":"page","link":"http:\/\/albatourvoyages.fr\/index.php\/afrique\/","title":{"rendered":"Afrique"},"content":{"rendered":"[vc_row type=&#8221;full_width_background&#8221; full_screen_row_position=&#8221;middle&#8221; column_margin=&#8221;default&#8221; column_direction=&#8221;default&#8221; column_direction_tablet=&#8221;default&#8221; column_direction_phone=&#8221;default&#8221; bg_image=&#8221;6707&#8243; bg_position=&#8221;center center&#8221; bg_repeat=&#8221;no-repeat&#8221; full_height=&#8221;yes&#8221; scene_position=&#8221;center&#8221; text_color=&#8221;dark&#8221; text_align=&#8221;left&#8221; row_border_radius=&#8221;none&#8221; row_border_radius_applies=&#8221;bg&#8221; overlay_strength=&#8221;0.3&#8243; gradient_direction=&#8221;left_to_right&#8221; shape_divider_position=&#8221;bottom&#8221; bg_image_animation=&#8221;none&#8221; shape_type=&#8221;&#8221;][vc_column column_padding=&#8221;no-extra-padding&#8221; column_padding_tablet=&#8221;inherit&#8221; column_padding_phone=&#8221;inherit&#8221; column_padding_position=&#8221;all&#8221; centered_text=&#8221;true&#8221; background_color_opacity=&#8221;1&#8243; background_hover_color_opacity=&#8221;1&#8243; column_shadow=&#8221;none&#8221; column_border_radius=&#8221;none&#8221; column_link_target=&#8221;_self&#8221; gradient_direction=&#8221;left_to_right&#8221; overlay_strength=&#8221;0.3&#8243; width=&#8221;1\/1&#8243; tablet_width_inherit=&#8221;default&#8221; tablet_text_alignment=&#8221;default&#8221; phone_text_alignment=&#8221;default&#8221; column_border_width=&#8221;none&#8221; column_border_style=&#8221;solid&#8221; bg_image_animation=&#8221;none&#8221;][split_line_heading animation_type=&#8221;line-reveal-by-space&#8221; font_style=&#8221;h2&#8243; text_color=&#8221;#ffffff&#8221; text_content=&#8221;Escapade Africaine&#8221;][\/split_line_heading][\/vc_column][\/vc_row][vc_row type=&#8221;in_container&#8221; full_screen_row_position=&#8221;middle&#8221; column_margin=&#8221;default&#8221; column_direction=&#8221;default&#8221; column_direction_tablet=&#8221;default&#8221; column_direction_phone=&#8221;default&#8221; scene_position=&#8221;center&#8221; text_color=&#8221;dark&#8221; text_align=&#8221;left&#8221; row_border_radius=&#8221;none&#8221; row_border_radius_applies=&#8221;bg&#8221; overlay_strength=&#8221;0.3&#8243; gradient_direction=&#8221;left_to_right&#8221; shape_divider_position=&#8221;bottom&#8221; bg_image_animation=&#8221;none&#8221;][vc_column column_padding=&#8221;no-extra-padding&#8221; column_padding_tablet=&#8221;inherit&#8221; column_padding_phone=&#8221;inherit&#8221; column_padding_position=&#8221;all&#8221; background_color_opacity=&#8221;1&#8243; background_hover_color_opacity=&#8221;1&#8243; column_shadow=&#8221;none&#8221; column_border_radius=&#8221;none&#8221; column_link_target=&#8221;_self&#8221; gradient_direction=&#8221;left_to_right&#8221; overlay_strength=&#8221;0.3&#8243; width=&#8221;1\/1&#8243; tablet_width_inherit=&#8221;default&#8221; tablet_text_alignment=&#8221;default&#8221; phone_text_alignment=&#8221;default&#8221; column_border_width=&#8221;none&#8221; column_border_style=&#8221;solid&#8221; bg_image_animation=&#8221;none&#8221;][vc_column_text]&nbsp;<\/p>\n<p style=\"text-align: center;\">Encore aujourd\u2019hui, le continent africain exerce une fascination quasi magique !<\/p>\n<p style=\"text-align: center;\">Des silhouettes des gorilles \u00e9mergeant de la brume des for\u00eats du Rwanda aux nu\u00e9es d\u2019animaux venant boire, \u00e0 l\u2019aurore, dans les immensit\u00e9s du delta de l\u2019Okavango, des d\u00e9serts rouges de Namibie aux plages paradisiaques des rives du lac Malawi, un voyage en Afrique tient autant de l\u2019initiation et de la r\u00e9v\u00e9lation que de la d\u00e9couverte.<\/p>\n<p style=\"text-align: center;\">Quelle que soit la destination choisie, les grands parcs d\u2019Afrique du Sud, les pentes du Kilimandjaro ou les chutes Victoria, un s\u00e9jour en Afrique sera une rencontre authentique avec des populations aux traditions mill\u00e9naires et une immersion exceptionnelle dans une nature indompt\u00e9e.<\/p>\n<p>&nbsp;[\/vc_column_text][\/vc_column][\/vc_row][vc_row type=&#8221;full_width_content&#8221; full_screen_row_position=&#8221;middle&#8221; column_margin=&#8221;default&#8221; column_direction=&#8221;default&#8221; column_direction_tablet=&#8221;default&#8221; column_direction_phone=&#8221;default&#8221; bg_color=&#8221;#ffffff&#8221; scene_position=&#8221;center&#8221; text_color=&#8221;dark&#8221; text_align=&#8221;left&#8221; row_border_radius=&#8221;none&#8221; row_border_radius_applies=&#8221;bg&#8221; id=&#8221;team&#8221; overlay_strength=&#8221;0.3&#8243; gradient_direction=&#8221;left_to_right&#8221; shape_divider_position=&#8221;bottom&#8221; bg_image_animation=&#8221;none&#8221;][vc_column column_padding=&#8221;no-extra-padding&#8221; column_padding_tablet=&#8221;inherit&#8221; column_padding_phone=&#8221;inherit&#8221; column_padding_position=&#8221;all&#8221; background_color_opacity=&#8221;1&#8243; background_hover_color_opacity=&#8221;1&#8243; column_shadow=&#8221;none&#8221; column_border_radius=&#8221;none&#8221; column_link_target=&#8221;_self&#8221; gradient_direction=&#8221;left_to_right&#8221; overlay_strength=&#8221;0.3&#8243; width=&#8221;1\/4&#8243; tablet_width_inherit=&#8221;default&#8221; tablet_text_alignment=&#8221;default&#8221; phone_text_alignment=&#8221;default&#8221; column_border_width=&#8221;none&#8221; column_border_style=&#8221;solid&#8221; bg_image_animation=&#8221;none&#8221;][team_member image_url=&#8221;6668&#8243; bio_image_url=&#8221;6667&#8243; team_memeber_style=&#8221;bio_fullscreen&#8221; image_loading=&#8221;default&#8221; name=&#8221;Ile Maurice&#8221; team_member_bio=&#8221;L&#8217;\u00eele Maurice, cette petite \u00eele paradisiaque, est situ\u00e9e dans le sud-ouest de l&#8217;Oc\u00e9an Indien dans l&#8217;archipel des Mascareignes \u00e0 l&#8217;est de l&#8217;\u00eele de la R\u00e9union. Issue d&#8217;un m\u00e9tissage culturel, vous serez agr\u00e9ablement surpris par la beaut\u00e9 de ses plages, une v\u00e9g\u00e9tation luxuriante et des h\u00f4tels de r\u00eave.<\/p>\n<p>L&#8217;\u00eele Maurice est devenue en quelques ann\u00e9es une destination privil\u00e9gi\u00e9e par les voyageurs europ\u00e9ens. Le d\u00e9veloppement du tourisme et de l&#8217;offre h\u00f4teli\u00e8re attirent toujours plus de voyageurs d\u00e9sireux de passer des vacances exotiques, au calme et au soleil. C&#8217;est en effet une destination de r\u00eave ; une v\u00e9ritable carte postale : l&#8217;\u00eele Maurice poss\u00e8de de magnifiques plages et lagons \u00e0 l&#8217;eau turquoise o\u00f9 se baigner, faire du snorkeling (plonger en apn\u00e9e avec palmes, masque et tuba), pratiquer les sports nautiques, nager avec la faune marine et d\u00e9couvrir les fonds marins&#8230;&#8221;][\/vc_column][vc_column column_padding=&#8221;no-extra-padding&#8221; column_padding_tablet=&#8221;inherit&#8221; column_padding_phone=&#8221;inherit&#8221; column_padding_position=&#8221;all&#8221; background_color_opacity=&#8221;1&#8243; background_hover_color_opacity=&#8221;1&#8243; column_shadow=&#8221;none&#8221; column_border_radius=&#8221;none&#8221; column_link_target=&#8221;_self&#8221; gradient_direction=&#8221;left_to_right&#8221; overlay_strength=&#8221;0.3&#8243; width=&#8221;1\/4&#8243; tablet_width_inherit=&#8221;default&#8221; tablet_text_alignment=&#8221;default&#8221; phone_text_alignment=&#8221;default&#8221; column_border_width=&#8221;none&#8221; column_border_style=&#8221;solid&#8221; bg_image_animation=&#8221;none&#8221;][team_member image_url=&#8221;6691&#8243; bio_image_url=&#8221;6689&#8243; team_memeber_style=&#8221;bio_fullscreen&#8221; image_loading=&#8221;default&#8221; name=&#8221;Namibie&#8221; team_member_bio=&#8221;La Namibie, pays du sud-ouest de l&#8217;Afrique, est caract\u00e9ris\u00e9e par le d\u00e9sert du Namib, qui longe le littoral de l&#8217;Oc\u00e9an Atlantique. Ce pays abrite une faune et une flore diversifi\u00e9es, dont une importante population de gu\u00e9pards. La capitale, Windhoek, et la ville c\u00f4ti\u00e8re de Swakopmund comptent des b\u00e2timents de l&#8217;\u00e9poque de la colonisation allemande, comme l&#8217;\u00e9glise Christuskirche de Windhoek, construite en 1907. Au nord, le d\u00e9sert de sel du parc national d&#8217;Etosha attire le gibier, et notamment les rhinoc\u00e9ros et les girafes&#8221;][\/vc_column][vc_column column_padding=&#8221;no-extra-padding&#8221; column_padding_tablet=&#8221;inherit&#8221; column_padding_phone=&#8221;inherit&#8221; column_padding_position=&#8221;all&#8221; background_color_opacity=&#8221;1&#8243; background_hover_color_opacity=&#8221;1&#8243; column_shadow=&#8221;none&#8221; column_border_radius=&#8221;none&#8221; column_link_target=&#8221;_self&#8221; gradient_direction=&#8221;left_to_right&#8221; overlay_strength=&#8221;0.3&#8243; width=&#8221;1\/4&#8243; tablet_width_inherit=&#8221;default&#8221; tablet_text_alignment=&#8221;default&#8221; phone_text_alignment=&#8221;default&#8221; column_border_width=&#8221;none&#8221; column_border_style=&#8221;solid&#8221; bg_image_animation=&#8221;none&#8221;][team_member image_url=&#8221;6676&#8243; bio_image_url=&#8221;6677&#8243; team_memeber_style=&#8221;bio_fullscreen&#8221; image_loading=&#8221;default&#8221; name=&#8221;Seychelles&#8221; team_member_bio=&#8221;En plein c\u0153ur de l\u2019Oc\u00e9an Indien, l\u2019archipel des Seychelles est constitu\u00e9 d\u2019une centaine d\u2019iles ou ilots. L&#8217;\u00eele principale, Mah\u00e9, o\u00f9 se situe l&#8217;a\u00e9roport international, repr\u00e9sente plus de 50% du territoire de l&#8217;archipel. Les 2 autres grandes \u00eeles sont Praslin et La Digue. Ancien repaire de pirates, les Seychelles sont une destination id\u00e9ale pour passer des vacances de r\u00eaves. C&#8217;est une v\u00e9ritable carte postale : des plages immacul\u00e9es de sable blanc, une v\u00e9g\u00e9tation tropicale luxuriante, des eaux turquoises, des r\u00e9serves naturelles pr\u00e9serv\u00e9es, de merveilleux fonds marins \u2026 la description de cette destination ne manque pas de superlatif tant ces \u00eeles sont magnifiques !&#8221;][\/vc_column][vc_column column_padding=&#8221;no-extra-padding&#8221; column_padding_tablet=&#8221;inherit&#8221; column_padding_phone=&#8221;inherit&#8221; column_padding_position=&#8221;all&#8221; background_color_opacity=&#8221;1&#8243; background_hover_color_opacity=&#8221;1&#8243; column_shadow=&#8221;none&#8221; column_border_radius=&#8221;none&#8221; column_link_target=&#8221;_self&#8221; gradient_direction=&#8221;left_to_right&#8221; overlay_strength=&#8221;0.3&#8243; width=&#8221;1\/4&#8243; tablet_width_inherit=&#8221;default&#8221; tablet_text_alignment=&#8221;default&#8221; phone_text_alignment=&#8221;default&#8221; column_border_width=&#8221;none&#8221; column_border_style=&#8221;solid&#8221; bg_image_animation=&#8221;none&#8221;][team_member image_url=&#8221;6680&#8243; bio_image_url=&#8221;6682&#8243; team_memeber_style=&#8221;bio_fullscreen&#8221; image_loading=&#8221;default&#8221; name=&#8221;Egypte&#8221; team_member_bio=&#8221;L&#8217;\u00c9gypte est un pont entre l&#8217;Afrique du Nord-Est et le Moyen-Orient et son histoire remonte \u00e0 l&#8217;\u00e9poque des pharaons. Des monuments mill\u00e9naires bordent les berges de la fertile vall\u00e9e du Nil, notamment le sphinx et les pyramides colossales de Gizeh. La ville de Louxor abrite le temple de Karnak et ses hi\u00e9roglyphes, ainsi que les tombeaux de la vall\u00e9e des rois. Le Caire, la capitale, regorge de sites ottomans, comme la mosqu\u00e9e Mohammed Ali ou le mus\u00e9e \u00e9gyptien et ses tr\u00e9sors d&#8217;antiquit\u00e9s&#8221;][\/vc_column][\/vc_row][vc_row type=&#8221;full_width_content&#8221; full_screen_row_position=&#8221;middle&#8221; column_margin=&#8221;default&#8221; column_direction=&#8221;default&#8221; column_direction_tablet=&#8221;default&#8221; column_direction_phone=&#8221;default&#8221; bg_color=&#8221;#ffffff&#8221; scene_position=&#8221;center&#8221; text_color=&#8221;dark&#8221; text_align=&#8221;left&#8221; row_border_radius=&#8221;none&#8221; row_border_radius_applies=&#8221;bg&#8221; id=&#8221;team&#8221; overlay_strength=&#8221;0.3&#8243; gradient_direction=&#8221;left_to_right&#8221; shape_divider_position=&#8221;bottom&#8221; bg_image_animation=&#8221;none&#8221;][vc_column column_padding=&#8221;no-extra-padding&#8221; column_padding_tablet=&#8221;inherit&#8221; column_padding_phone=&#8221;inherit&#8221; column_padding_position=&#8221;all&#8221; background_color_opacity=&#8221;1&#8243; background_hover_color_opacity=&#8221;1&#8243; column_shadow=&#8221;none&#8221; column_border_radius=&#8221;none&#8221; column_link_target=&#8221;_self&#8221; gradient_direction=&#8221;left_to_right&#8221; overlay_strength=&#8221;0.3&#8243; width=&#8221;1\/4&#8243; tablet_width_inherit=&#8221;default&#8221; tablet_text_alignment=&#8221;default&#8221; phone_text_alignment=&#8221;default&#8221; column_border_width=&#8221;none&#8221; column_border_style=&#8221;solid&#8221; bg_image_animation=&#8221;none&#8221;][team_member image_url=&#8221;6685&#8243; bio_image_url=&#8221;6686&#8243; team_memeber_style=&#8221;bio_fullscreen&#8221; image_loading=&#8221;default&#8221; name=&#8221;Maroc&#8221; team_member_bio=&#8221;Le Maroc, pays d&#8217;Afrique du Nord sur le littoral de l&#8217;Atlantique et de la M\u00e9diterran\u00e9e, se distingue par ses influences berb\u00e8res, arabes et europ\u00e9ennes. La m\u00e9dina de Marrakech, quartier m\u00e9di\u00e9val aux allures de labyrinthe, est un lieu anim\u00e9, avec sa place Jemaa el-Fna et ses souks (march\u00e9s) vendant des c\u00e9ramiques, des bijoux et des lanternes en m\u00e9tal. La casbah des Oudayas \u00e0 Rabat, la capitale, est un fort royal du XIIe si\u00e8cle qui surplombe l&#8217;oc\u00e9an&#8221;][\/vc_column][vc_column column_padding=&#8221;no-extra-padding&#8221; column_padding_tablet=&#8221;inherit&#8221; column_padding_phone=&#8221;inherit&#8221; column_padding_position=&#8221;all&#8221; background_color_opacity=&#8221;1&#8243; background_hover_color_opacity=&#8221;1&#8243; column_shadow=&#8221;none&#8221; column_border_radius=&#8221;none&#8221; column_link_target=&#8221;_self&#8221; gradient_direction=&#8221;left_to_right&#8221; overlay_strength=&#8221;0.3&#8243; width=&#8221;1\/4&#8243; tablet_width_inherit=&#8221;default&#8221; tablet_text_alignment=&#8221;default&#8221; phone_text_alignment=&#8221;default&#8221; column_border_width=&#8221;none&#8221; column_border_style=&#8221;solid&#8221; bg_image_animation=&#8221;none&#8221;][team_member image_url=&#8221;6671&#8243; bio_image_url=&#8221;6670&#8243; team_memeber_style=&#8221;bio_fullscreen&#8221; image_loading=&#8221;default&#8221; name=&#8221;Afrique du Sud&#8221; team_member_bio=&#8221;L&#8217;Afrique du Sud est un pays situ\u00e9 \u00e0 l&#8217;extr\u00e9mit\u00e9 australe du continent africain et compos\u00e9 de diff\u00e9rents \u00e9cosyst\u00e8mes. \u00c0 l&#8217;int\u00e9rieur des terres, le parc national Kruger abrite du gros gibier et propose des safaris. Le Cap occidental offre des plages, des vignobles luxuriants autour de Stellenbosch et Paarl, des falaises rocheuses au cap de Bonne-Esp\u00e9rance, des for\u00eats et des lagons le long de la Garden Route, ainsi que la ville du Cap, situ\u00e9e au pied de la montagne de la Table au sommet plat.&#8221;][\/vc_column][vc_column column_padding=&#8221;no-extra-padding&#8221; column_padding_tablet=&#8221;inherit&#8221; column_padding_phone=&#8221;inherit&#8221; column_padding_position=&#8221;all&#8221; background_color_opacity=&#8221;1&#8243; background_hover_color_opacity=&#8221;1&#8243; column_shadow=&#8221;none&#8221; column_border_radius=&#8221;none&#8221; column_link_target=&#8221;_self&#8221; gradient_direction=&#8221;left_to_right&#8221; overlay_strength=&#8221;0.3&#8243; width=&#8221;1\/4&#8243; tablet_width_inherit=&#8221;default&#8221; tablet_text_alignment=&#8221;default&#8221; phone_text_alignment=&#8221;default&#8221; column_border_width=&#8221;none&#8221; column_border_style=&#8221;solid&#8221; bg_image_animation=&#8221;none&#8221;][team_member image_url=&#8221;6693&#8243; bio_image_url=&#8221;6694&#8243; team_memeber_style=&#8221;bio_fullscreen&#8221; image_loading=&#8221;default&#8221; name=&#8221;Kenya&#8221; team_member_bio=&#8221;Le Kenya est un pays d&#8217;Afrique de l&#8217;Est poss\u00e9dant un littoral sur l&#8217;oc\u00e9an Indien. Il comprend de la savane, des r\u00e9gions lacustres, la vall\u00e9e du grand rift et des zones montagneuses. Il accueille \u00e9galement une faune incluant lions, \u00e9l\u00e9phants et rhinoc\u00e9ros. Des safaris au d\u00e9part de Nairobi, la capitale, permettent d&#8217;explorer la r\u00e9serve du Masai Mara, renomm\u00e9e pour la migration annuelle des gnous, ainsi que le parc national d&#8217;Amboseli, offrant une vue imprenable sur le Kilimandjaro culminant \u00e0 5 895 m\u00e8tres d&#8217;altitude.&#8221;][\/vc_column][vc_column column_padding=&#8221;no-extra-padding&#8221; column_padding_tablet=&#8221;inherit&#8221; column_padding_phone=&#8221;inherit&#8221; column_padding_position=&#8221;all&#8221; background_color_opacity=&#8221;1&#8243; background_hover_color_opacity=&#8221;1&#8243; column_shadow=&#8221;none&#8221; column_border_radius=&#8221;none&#8221; column_link_target=&#8221;_self&#8221; gradient_direction=&#8221;left_to_right&#8221; overlay_strength=&#8221;0.3&#8243; width=&#8221;1\/4&#8243; tablet_width_inherit=&#8221;default&#8221; tablet_text_alignment=&#8221;default&#8221; phone_text_alignment=&#8221;default&#8221; column_border_width=&#8221;none&#8221; column_border_style=&#8221;solid&#8221; bg_image_animation=&#8221;none&#8221;][team_member image_url=&#8221;6701&#8243; bio_image_url=&#8221;6721&#8243; team_memeber_style=&#8221;bio_fullscreen&#8221; image_loading=&#8221;default&#8221; name=&#8221;Tunisie&#8221; team_member_bio=&#8221;La Tunisie est un pays d&#8217;Afrique du Nord situ\u00e9 sur la c\u00f4te m\u00e9diterran\u00e9enne et en bordure du d\u00e9sert du Sahara. Le mus\u00e9e national du Bardo \u00e0 Tunis, la capitale, expose des pi\u00e8ces arch\u00e9ologiques allant des mosa\u00efques romaines \u00e0 l&#8217;art islamique. Le quartier de la M\u00e9dina, avec son souk anim\u00e9, encercle l&#8217;imposante mosqu\u00e9e Zitouna. \u00c0 l&#8217;est, sur le site de l&#8217;ancienne cit\u00e9 de Carthage, se trouvent les thermes d&#8217;Antonin et d&#8217;autres ruines, et le mus\u00e9e national de Carthage et ses nombreux objets.&#8221;][\/vc_column][\/vc_row][vc_row type=&#8221;full_width_content&#8221; full_screen_row_position=&#8221;middle&#8221; column_margin=&#8221;default&#8221; column_direction=&#8221;default&#8221; column_direction_tablet=&#8221;default&#8221; column_direction_phone=&#8221;default&#8221; bg_color=&#8221;#ffffff&#8221; scene_position=&#8221;center&#8221; text_color=&#8221;dark&#8221; text_align=&#8221;left&#8221; row_border_radius=&#8221;none&#8221; row_border_radius_applies=&#8221;bg&#8221; id=&#8221;team&#8221; overlay_strength=&#8221;0.3&#8243; gradient_direction=&#8221;left_to_right&#8221; shape_divider_position=&#8221;bottom&#8221; bg_image_animation=&#8221;none&#8221;][vc_column column_padding=&#8221;no-extra-padding&#8221; column_padding_tablet=&#8221;inherit&#8221; column_padding_phone=&#8221;inherit&#8221; column_padding_position=&#8221;all&#8221; background_color_opacity=&#8221;1&#8243; background_hover_color_opacity=&#8221;1&#8243; column_shadow=&#8221;none&#8221; column_border_radius=&#8221;none&#8221; column_link_target=&#8221;_self&#8221; gradient_direction=&#8221;left_to_right&#8221; overlay_strength=&#8221;0.3&#8243; width=&#8221;1\/4&#8243; tablet_width_inherit=&#8221;default&#8221; tablet_text_alignment=&#8221;default&#8221; phone_text_alignment=&#8221;default&#8221; column_border_width=&#8221;none&#8221; column_border_style=&#8221;solid&#8221; bg_image_animation=&#8221;none&#8221;][team_member image_url=&#8221;6708&#8243; bio_image_url=&#8221;6705&#8243; team_memeber_style=&#8221;bio_fullscreen&#8221; image_loading=&#8221;default&#8221; name=&#8221;Tanzanie&#8221; team_member_bio=&#8221;La Tanzanie est un pays d&#8217;Afrique de l&#8217;Est r\u00e9put\u00e9 pour ses vastes r\u00e9gions sauvages. Celles-ci comprennent les plaines du parc national du Serengeti, un safari habit\u00e9 par les &#8220;Big five&#8220; (\u00e9l\u00e9phant, lion, l\u00e9opard, buffle, rhinoc\u00e9ros) et le parc national du Kilimandjaro, abritant la montagne la plus haute d&#8217;Afrique. Au large se trouvent les \u00eeles tropicales de Zanzibar, aux influences arabes, et de Mafia, avec un parc marin accueillant requins-baleines et r\u00e9cifs coralliens.&#8221;][\/vc_column][vc_column column_padding=&#8221;no-extra-padding&#8221; column_padding_tablet=&#8221;inherit&#8221; column_padding_phone=&#8221;inherit&#8221; column_padding_position=&#8221;all&#8221; background_color_opacity=&#8221;1&#8243; background_hover_color_opacity=&#8221;1&#8243; column_shadow=&#8221;none&#8221; column_border_radius=&#8221;none&#8221; column_link_target=&#8221;_self&#8221; gradient_direction=&#8221;left_to_right&#8221; overlay_strength=&#8221;0.3&#8243; width=&#8221;1\/4&#8243; tablet_width_inherit=&#8221;default&#8221; tablet_text_alignment=&#8221;default&#8221; phone_text_alignment=&#8221;default&#8221; column_border_width=&#8221;none&#8221; column_border_style=&#8221;solid&#8221; bg_image_animation=&#8221;none&#8221;][team_member image_url=&#8221;6714&#8243; bio_image_url=&#8221;6713&#8243; team_memeber_style=&#8221;bio_fullscreen&#8221; image_loading=&#8221;default&#8221; name=&#8221;S\u00e9n\u00e9gal&#8221; team_member_bio=&#8221;Le S\u00e9n\u00e9gal est un pays situ\u00e9 sur la c\u00f4te ouest de l&#8217;Afrique et dot\u00e9 d&#8217;un h\u00e9ritage colonial fran\u00e7ais et de nombreuses attractions naturelles. Dakar, la capitale, comprend le quartier historique de la M\u00e9dina et le c\u00e9l\u00e8bre mus\u00e9e Th\u00e9odore Monod, exposant des \u0153uvres d&#8217;art africain. Elle est \u00e9galement r\u00e9put\u00e9e pour sa vie nocturne, centr\u00e9e sur la musique mbalax, originaire du S\u00e9n\u00e9gal. Saint-Louis, ancienne capitale de l&#8217;Afrique-Occidentale fran\u00e7aise, abrite une vieille ville \u00e0 l&#8217;architecture coloniale.&#8221;][\/vc_column][vc_column column_padding=&#8221;no-extra-padding&#8221; column_padding_tablet=&#8221;inherit&#8221; column_padding_phone=&#8221;inherit&#8221; column_padding_position=&#8221;all&#8221; background_color_opacity=&#8221;1&#8243; background_hover_color_opacity=&#8221;1&#8243; column_shadow=&#8221;none&#8221; column_border_radius=&#8221;none&#8221; column_link_target=&#8221;_self&#8221; gradient_direction=&#8221;left_to_right&#8221; overlay_strength=&#8221;0.3&#8243; width=&#8221;1\/4&#8243; tablet_width_inherit=&#8221;default&#8221; tablet_text_alignment=&#8221;default&#8221; phone_text_alignment=&#8221;default&#8221; column_border_width=&#8221;none&#8221; column_border_style=&#8221;solid&#8221; bg_image_animation=&#8221;none&#8221;][team_member image_url=&#8221;6711&#8243; bio_image_url=&#8221;6712&#8243; team_memeber_style=&#8221;bio_fullscreen&#8221; image_loading=&#8221;default&#8221; name=&#8221;Mozambique&#8221; team_member_bio=&#8221;Le Mozambique est un pays du sud de l&#8217;Afrique dont le littoral de l&#8217;oc\u00e9an Indien est parsem\u00e9 de plages populaires comme celle de Tofo, ainsi que de parcs marins situ\u00e9s au large. Dans l&#8217;archipel des Quirimbas s&#8217;\u00e9tendant sur 250 km d&#8217;\u00eeles coralliennes, l&#8217;\u00eele d&#8217;Ibo couverte de mangroves abrite des ruines remontant \u00e0 l&#8217;\u00e9poque du colonialisme portugais. Au sud, l&#8217;archipel Bazaruto comprend des r\u00e9cifs qui prot\u00e8gent des esp\u00e8ces marines rares, notamment des dugongs.&#8221;][\/vc_column][vc_column column_padding=&#8221;no-extra-padding&#8221; column_padding_tablet=&#8221;inherit&#8221; column_padding_phone=&#8221;inherit&#8221; column_padding_position=&#8221;all&#8221; background_color_opacity=&#8221;1&#8243; background_hover_color_opacity=&#8221;1&#8243; column_shadow=&#8221;none&#8221; column_border_radius=&#8221;none&#8221; column_link_target=&#8221;_self&#8221; gradient_direction=&#8221;left_to_right&#8221; overlay_strength=&#8221;0.3&#8243; width=&#8221;1\/4&#8243; tablet_width_inherit=&#8221;default&#8221; tablet_text_alignment=&#8221;default&#8221; phone_text_alignment=&#8221;default&#8221; column_border_width=&#8221;none&#8221; column_border_style=&#8221;solid&#8221; bg_image_animation=&#8221;none&#8221;][team_member image_url=&#8221;6716&#8243; bio_image_url=&#8221;6717&#8243; team_memeber_style=&#8221;bio_fullscreen&#8221; image_loading=&#8221;default&#8221; name=&#8221;Madagascar&#8221; team_member_bio=&#8221;Madagascar est une \u00eele immense et un pays situ\u00e9 au large de la c\u00f4te sud-est de l&#8217;Afrique. Il abrite des milliers d&#8217;esp\u00e8ces animales end\u00e9miques comme les l\u00e9muriens, ainsi que des for\u00eats tropicales, des plages et des r\u00e9cifs. \u00c0 proximit\u00e9 de l&#8217;effervescente capitale, Antananarivo, se trouve la colline d&#8217;Ambohimanga, un ensemble de palais royaux et de cimeti\u00e8res, ainsi que l&#8217;Avenue des Baobabs, une route de terre bord\u00e9e d&#8217;arbres g\u00e9ants vieux de plusieurs si\u00e8cles.&#8221;][\/vc_column][\/vc_row]\n","protected":false},"excerpt":{"rendered":"<p>[vc_row type=&#8221;full_width_background&#8221; full_screen_row_position=&#8221;middle&#8221; column_margin=&#8221;default&#8221; column_direction=&#8221;default&#8221; column_direction_tablet=&#8221;default&#8221; column_direction_phone=&#8221;default&#8221; bg_image=&#8221;6707&#8243; bg_position=&#8221;center center&#8221; bg_repeat=&#8221;no-repeat&#8221; full_height=&#8221;yes&#8221; scene_position=&#8221;center&#8221; text_color=&#8221;dark&#8221; text_align=&#8221;left&#8221;&#8230;<\/p>\n","protected":false},"author":1,"featured_media":0,"parent":0,"menu_order":0,"comment_status":"closed","ping_status":"closed","template":"","meta":{"om_disable_all_campaigns":false,"_monsterinsights_skip_tracking":false,"_monsterinsights_sitenote_active":false,"_monsterinsights_sitenote_note":"","_monsterinsights_sitenote_category":0},"_links":{"self":[{"href":"http:\/\/albatourvoyages.fr\/index.php\/wp-json\/wp\/v2\/pages\/6458"}],"collection":[{"href":"http:\/\/albatourvoyages.fr\/index.php\/wp-json\/wp\/v2\/pages"}],"about":[{"href":"http:\/\/albatourvoyages.fr\/index.php\/wp-json\/wp\/v2\/types\/page"}],"author":[{"embeddable":true,"href":"http:\/\/albatourvoyages.fr\/index.php\/wp-json\/wp\/v2\/users\/1"}],"replies":[{"embeddable":true,"href":"http:\/\/albatourvoyages.fr\/index.php\/wp-json\/wp\/v2\/comments?post=6458"}],"version-history":[{"count":21,"href":"http:\/\/albatourvoyages.fr\/index.php\/wp-json\/wp\/v2\/pages\/6458\/revisions"}],"predecessor-version":[{"id":7017,"href":"http:\/\/albatourvoyages.fr\/index.php\/wp-json\/wp\/v2\/pages\/6458\/revisions\/7017"}],"wp:attachment":[{"href":"http:\/\/albatourvoyages.fr\/index.php\/wp-json\/wp\/v2\/media?parent=6458"}],"curies":[{"name":"wp","href":"https:\/\/api.w.org\/{rel}","templated":true}]}}